{"id":2,"date":"2024-03-13T23:04:13","date_gmt":"2024-03-13T23:04:13","guid":{"rendered":"https:\/\/annisommer.dk\/?page_id=2"},"modified":"2024-03-28T14:26:06","modified_gmt":"2024-03-28T14:26:06","slug":"sample-page","status":"publish","type":"page","link":"https:\/\/annisommer.dk\/?page_id=2","title":{"rendered":"Om mig"},"content":{"rendered":"\n<figure class=\"wp-block-image size-full\"><img loading=\"lazy\" decoding=\"async\" width=\"273\" height=\"273\" src=\"https:\/\/annisommer.dk\/wp-content\/uploads\/2024\/03\/anni_1-1.jpg\" alt=\"\" class=\"wp-image-19\" srcset=\"https:\/\/annisommer.dk\/wp-content\/uploads\/2024\/03\/anni_1-1.jpg 273w, https:\/\/annisommer.dk\/wp-content\/uploads\/2024\/03\/anni_1-1-150x150.jpg 150w\" sizes=\"(max-width: 273px) 100vw, 273px\" \/><\/figure>\n\n\n\n<p><br>Mit navn er Anni Sommer. <br><br>Jeg er f\u00f8dt i 1953, og er autodidakt maler.<br><br>Jeg maler abstrakt b\u00e5de figurativ og non-figurativt. Mine malerier kan v\u00e6re ret forskellige i udtrykket, da jeg hele tiden afpr\u00f8ver gr\u00e6nser og udelukkende arbejder ud fra den stemning, som fylder mig i \u00f8jeblikket, hvilket selv sagt pr\u00e6ger s\u00e5vel motiv-, farve- og materialevalg.<br><br>Mit motivvalg tager ofte udgangspunkt i symbolikkens verden, eller det menneskelige ansigt, hvor jeg arbejder med imagin\u00e6re modeller for at beskrive menneskers forskellige udtryk og sindsstemninger.<br><br>Mit fortrukne materialevalg er akryl, men jeg arbejder ogs\u00e5 med epoxy, som er et sp\u00e6ndende materiale med spejlblank overfalde der minder om emalje.<br><br>Mit h\u00e5b er, at v\u00e6kke beskuerens f\u00f8lelser gennem udtrykket og stemningen i mine malerier.<br><br>Er du interesseret i at k\u00f8be et af mine v\u00e6rker, er du altid velkommen til at l\u00e5ne det med hjem p\u00e5 pr\u00f8ve.<\/p>\n\n\n\n<p>Jeg har ogs\u00e5 mange andre hobbies, dem kan du l\u00e6se om p\u00e5 min webside <a href=\"https:\/\/folkepensionist.dk\">folkepensionist.dk<\/a><\/p>\n\n\n\n<p>Vil du k\u00f8be min bog &#8216;Stabyhoun&#8217;, s\u00e5 klik <a href=\"https:\/\/https:\/\/www.bricksite.com\/stabyhoun\">her<\/a><\/p>\n","protected":false},"excerpt":{"rendered":"<p>Mit navn er Anni Sommer. Jeg er f\u00f8dt i 1953, og er autodidakt maler. Jeg maler abstrakt b\u00e5de figurativ og non-figurativt. Mine malerier kan v\u00e6re ret forskellige i udtrykket, da jeg hele tiden afpr\u00f8ver gr\u00e6nser og udelukkende arbejder ud fra den stemning, som fylder mig i \u00f8jeblikket, hvilket selv sagt pr\u00e6ger s\u00e5vel motiv-, farve- og [&hellip;]<\/p>\n","protected":false},"author":1,"featured_media":0,"parent":0,"menu_order":0,"comment_status":"closed","ping_status":"open","template":"","meta":{"om_disable_all_campaigns":false,"_monsterinsights_skip_tracking":false,"_monsterinsights_sitenote_active":false,"_monsterinsights_sitenote_note":"","_monsterinsights_sitenote_category":0,"pgc_sgb_lightbox_settings":"","footnotes":""},"yoast_head":"<!-- This site is optimized with the Yoast SEO plugin v22.9 - https:\/\/yoast.com\/wordpress\/plugins\/seo\/ -->\n<title>Om mig - Min blog<\/title>\n<meta name=\"robots\" content=\"index, follow, max-snippet:-1, max-image-preview:large, max-video-preview:-1\" \/>\n<link rel=\"canonical\" href=\"https:\/\/annisommer.dk\/?page_id=2\" \/>\n<meta property=\"og:locale\" content=\"da_DK\" \/>\n<meta property=\"og:type\" content=\"article\" \/>\n<meta property=\"og:title\" content=\"Om mig - Min blog\" \/>\n<meta property=\"og:description\" content=\"Mit navn er Anni Sommer. Jeg er f\u00f8dt i 1953, og er autodidakt maler. Jeg maler abstrakt b\u00e5de figurativ og non-figurativt. Mine malerier kan v\u00e6re ret forskellige i udtrykket, da jeg hele tiden afpr\u00f8ver gr\u00e6nser og udelukkende arbejder ud fra den stemning, som fylder mig i \u00f8jeblikket, hvilket selv sagt pr\u00e6ger s\u00e5vel motiv-, farve- og [&hellip;]\" \/>\n<meta property=\"og:url\" content=\"https:\/\/annisommer.dk\/?page_id=2\" \/>\n<meta property=\"og:site_name\" content=\"Min blog\" \/>\n<meta property=\"article:modified_time\" content=\"2024-03-28T14:26:06+00:00\" \/>\n<meta property=\"og:image\" content=\"https:\/\/annisommer.dk\/wp-content\/uploads\/2024\/03\/anni_1-1.jpg\" \/>\n<meta name=\"twitter:card\" content=\"summary_large_image\" \/>\n<meta name=\"twitter:label1\" content=\"Estimeret l\u00e6setid\" \/>\n\t<meta name=\"twitter:data1\" content=\"1 minut\" \/>\n<script type=\"application\/ld+json\" class=\"yoast-schema-graph\">{\"@context\":\"https:\/\/schema.org\",\"@graph\":[{\"@type\":\"WebPage\",\"@id\":\"https:\/\/annisommer.dk\/?page_id=2\",\"url\":\"https:\/\/annisommer.dk\/?page_id=2\",\"name\":\"Om mig - Min blog\",\"isPartOf\":{\"@id\":\"https:\/\/annisommer.dk\/#website\"},\"primaryImageOfPage\":{\"@id\":\"https:\/\/annisommer.dk\/?page_id=2#primaryimage\"},\"image\":{\"@id\":\"https:\/\/annisommer.dk\/?page_id=2#primaryimage\"},\"thumbnailUrl\":\"https:\/\/annisommer.dk\/wp-content\/uploads\/2024\/03\/anni_1-1.jpg\",\"datePublished\":\"2024-03-13T23:04:13+00:00\",\"dateModified\":\"2024-03-28T14:26:06+00:00\",\"breadcrumb\":{\"@id\":\"https:\/\/annisommer.dk\/?page_id=2#breadcrumb\"},\"inLanguage\":\"da-DK\",\"potentialAction\":[{\"@type\":\"ReadAction\",\"target\":[\"https:\/\/annisommer.dk\/?page_id=2\"]}]},{\"@type\":\"ImageObject\",\"inLanguage\":\"da-DK\",\"@id\":\"https:\/\/annisommer.dk\/?page_id=2#primaryimage\",\"url\":\"https:\/\/annisommer.dk\/wp-content\/uploads\/2024\/03\/anni_1-1.jpg\",\"contentUrl\":\"https:\/\/annisommer.dk\/wp-content\/uploads\/2024\/03\/anni_1-1.jpg\",\"width\":273,\"height\":273},{\"@type\":\"BreadcrumbList\",\"@id\":\"https:\/\/annisommer.dk\/?page_id=2#breadcrumb\",\"itemListElement\":[{\"@type\":\"ListItem\",\"position\":1,\"name\":\"Hjem\",\"item\":\"https:\/\/annisommer.dk\/\"},{\"@type\":\"ListItem\",\"position\":2,\"name\":\"Om mig\"}]},{\"@type\":\"WebSite\",\"@id\":\"https:\/\/annisommer.dk\/#website\",\"url\":\"https:\/\/annisommer.dk\/\",\"name\":\"Anni Sommer Galleri\",\"description\":\"Bare endnu et WordPress websted\",\"potentialAction\":[{\"@type\":\"SearchAction\",\"target\":{\"@type\":\"EntryPoint\",\"urlTemplate\":\"https:\/\/annisommer.dk\/?s={search_term_string}\"},\"query-input\":\"required name=search_term_string\"}],\"inLanguage\":\"da-DK\"}]}<\/script>\n<!-- \/ Yoast SEO plugin. -->","yoast_head_json":{"title":"Om mig - Min blog","robots":{"index":"index","follow":"follow","max-snippet":"max-snippet:-1","max-image-preview":"max-image-preview:large","max-video-preview":"max-video-preview:-1"},"canonical":"https:\/\/annisommer.dk\/?page_id=2","og_locale":"da_DK","og_type":"article","og_title":"Om mig - Min blog","og_description":"Mit navn er Anni Sommer. Jeg er f\u00f8dt i 1953, og er autodidakt maler. Jeg maler abstrakt b\u00e5de figurativ og non-figurativt. Mine malerier kan v\u00e6re ret forskellige i udtrykket, da jeg hele tiden afpr\u00f8ver gr\u00e6nser og udelukkende arbejder ud fra den stemning, som fylder mig i \u00f8jeblikket, hvilket selv sagt pr\u00e6ger s\u00e5vel motiv-, farve- og [&hellip;]","og_url":"https:\/\/annisommer.dk\/?page_id=2","og_site_name":"Min blog","article_modified_time":"2024-03-28T14:26:06+00:00","og_image":[{"url":"https:\/\/annisommer.dk\/wp-content\/uploads\/2024\/03\/anni_1-1.jpg"}],"twitter_card":"summary_large_image","twitter_misc":{"Estimeret l\u00e6setid":"1 minut"},"schema":{"@context":"https:\/\/schema.org","@graph":[{"@type":"WebPage","@id":"https:\/\/annisommer.dk\/?page_id=2","url":"https:\/\/annisommer.dk\/?page_id=2","name":"Om mig - Min blog","isPartOf":{"@id":"https:\/\/annisommer.dk\/#website"},"primaryImageOfPage":{"@id":"https:\/\/annisommer.dk\/?page_id=2#primaryimage"},"image":{"@id":"https:\/\/annisommer.dk\/?page_id=2#primaryimage"},"thumbnailUrl":"https:\/\/annisommer.dk\/wp-content\/uploads\/2024\/03\/anni_1-1.jpg","datePublished":"2024-03-13T23:04:13+00:00","dateModified":"2024-03-28T14:26:06+00:00","breadcrumb":{"@id":"https:\/\/annisommer.dk\/?page_id=2#breadcrumb"},"inLanguage":"da-DK","potentialAction":[{"@type":"ReadAction","target":["https:\/\/annisommer.dk\/?page_id=2"]}]},{"@type":"ImageObject","inLanguage":"da-DK","@id":"https:\/\/annisommer.dk\/?page_id=2#primaryimage","url":"https:\/\/annisommer.dk\/wp-content\/uploads\/2024\/03\/anni_1-1.jpg","contentUrl":"https:\/\/annisommer.dk\/wp-content\/uploads\/2024\/03\/anni_1-1.jpg","width":273,"height":273},{"@type":"BreadcrumbList","@id":"https:\/\/annisommer.dk\/?page_id=2#breadcrumb","itemListElement":[{"@type":"ListItem","position":1,"name":"Hjem","item":"https:\/\/annisommer.dk\/"},{"@type":"ListItem","position":2,"name":"Om mig"}]},{"@type":"WebSite","@id":"https:\/\/annisommer.dk\/#website","url":"https:\/\/annisommer.dk\/","name":"Anni Sommer Galleri","description":"Bare endnu et WordPress websted","potentialAction":[{"@type":"SearchAction","target":{"@type":"EntryPoint","urlTemplate":"https:\/\/annisommer.dk\/?s={search_term_string}"},"query-input":"required name=search_term_string"}],"inLanguage":"da-DK"}]}},"_links":{"self":[{"href":"https:\/\/annisommer.dk\/index.php?rest_route=\/wp\/v2\/pages\/2"}],"collection":[{"href":"https:\/\/annisommer.dk\/index.php?rest_route=\/wp\/v2\/pages"}],"about":[{"href":"https:\/\/annisommer.dk\/index.php?rest_route=\/wp\/v2\/types\/page"}],"author":[{"embeddable":true,"href":"https:\/\/annisommer.dk\/index.php?rest_route=\/wp\/v2\/users\/1"}],"replies":[{"embeddable":true,"href":"https:\/\/annisommer.dk\/index.php?rest_route=%2Fwp%2Fv2%2Fcomments&post=2"}],"version-history":[{"count":10,"href":"https:\/\/annisommer.dk\/index.php?rest_route=\/wp\/v2\/pages\/2\/revisions"}],"predecessor-version":[{"id":146,"href":"https:\/\/annisommer.dk\/index.php?rest_route=\/wp\/v2\/pages\/2\/revisions\/146"}],"wp:attachment":[{"href":"https:\/\/annisommer.dk\/index.php?rest_route=%2Fwp%2Fv2%2Fmedia&parent=2"}],"curies":[{"name":"wp","href":"https:\/\/api.w.org\/{rel}","templated":true}]}}